{"id":504,"date":"2021-12-13T19:09:53","date_gmt":"2021-12-13T19:09:53","guid":{"rendered":"https:\/\/markato-law.be\/?page_id=504"},"modified":"2022-03-11T10:49:27","modified_gmt":"2022-03-11T09:49:27","slug":"katleen-tobback","status":"publish","type":"page","link":"https:\/\/markato-law.be\/fr\/equipe\/katleen-tobback\/","title":{"rendered":"Katleen Tobback"},"content":{"rendered":"<p>[et_pb_section fb_built=&#8221;1&#8243; module_class=&#8221;rosetriangle&#8221; _builder_version=&#8221;4.14.2&#8243; _module_preset=&#8221;default&#8221; use_background_color_gradient=&#8221;on&#8221; background_color_gradient_start=&#8221;#ffffff&#8221; background_color_gradient_end=&#8221;rgba(255,255,255,0)&#8221; background_color_gradient_start_position=&#8221;7%&#8221; background_color_gradient_end_position=&#8221;45%&#8221; background_color_gradient_overlays_image=&#8221;on&#8221; background_image=&#8221;https:\/\/markato-law.be\/wp-content\/uploads\/2021\/12\/DSCF6784-scaled.jpg&#8221; background_position=&#8221;top_center&#8221; custom_margin=&#8221;||0%||false|false&#8221; custom_padding=&#8221;13%||13%||true|false&#8221; saved_tabs=&#8221;all&#8221; global_colors_info=&#8221;{}&#8221;][\/et_pb_section][et_pb_section fb_built=&#8221;1&#8243; _builder_version=&#8221;4.14.2&#8243; _module_preset=&#8221;default&#8221; module_alignment=&#8221;right&#8221; custom_padding=&#8221;0%||0%||true|false&#8221; locked=&#8221;off&#8221; global_colors_info=&#8221;{}&#8221;][et_pb_row _builder_version=&#8221;4.14.2&#8243; _module_preset=&#8221;default&#8221; global_colors_info=&#8221;{}&#8221;][et_pb_column type=&#8221;4_4&#8243; _builder_version=&#8221;4.14.2&#8243; _module_preset=&#8221;default&#8221; global_colors_info=&#8221;{}&#8221;][et_pb_text _builder_version=&#8221;4.14.2&#8243; _module_preset=&#8221;default&#8221; text_font_size=&#8221;15px&#8221; module_alignment=&#8221;right&#8221; custom_margin=&#8221;||||false|false&#8221; custom_padding=&#8221;||||false|false&#8221; locked=&#8221;off&#8221; global_colors_info=&#8221;{}&#8221;][\/et_pb_text][\/et_pb_column][\/et_pb_row][\/et_pb_section][et_pb_section fb_built=&#8221;1&#8243; _builder_version=&#8221;4.14.2&#8243; _module_preset=&#8221;default&#8221; saved_tabs=&#8221;all&#8221; global_colors_info=&#8221;{}&#8221;][et_pb_row column_structure=&#8221;1_5,3_5,1_5&#8243; _builder_version=&#8221;4.14.2&#8243; _module_preset=&#8221;default&#8221; global_colors_info=&#8221;{}&#8221;][et_pb_column type=&#8221;1_5&#8243; _builder_version=&#8221;4.14.2&#8243; _module_preset=&#8221;default&#8221; global_colors_info=&#8221;{}&#8221;][\/et_pb_column][et_pb_column type=&#8221;3_5&#8243; _builder_version=&#8221;4.14.2&#8243; _module_preset=&#8221;default&#8221; global_colors_info=&#8221;{}&#8221;][et_pb_text _builder_version=&#8221;4.14.2&#8243; _module_preset=&#8221;default&#8221; module_alignment=&#8221;center&#8221; custom_margin=&#8221;||-5px||false|false&#8221; border_width_bottom=&#8221;3px&#8221; border_color_bottom=&#8221;RGBA(255,255,255,0)&#8221; global_colors_info=&#8221;{}&#8221;]<\/p>\n<h1 style=\"text-align: left;\">Katleen Tobback<\/h1>\n<p>[\/et_pb_text][et_pb_text _builder_version=&#8221;4.14.2&#8243; _module_preset=&#8221;default&#8221; text_font_size=&#8221;22px&#8221; header_3_line_height=&#8221;30px&#8221; width_tablet=&#8221;15%&#8221; width_phone=&#8221;23%&#8221; width_last_edited=&#8221;off|desktop&#8221; custom_margin=&#8221;||20px||false|false&#8221; custom_padding=&#8221;||||false|false&#8221; border_color_bottom=&#8221;RGBA(255,255,255,0)&#8221; global_colors_info=&#8221;{}&#8221;]<\/p>\n<h3>Contactgegevens:<\/h3>\n<p>[\/et_pb_text][et_pb_text _builder_version=&#8221;4.14.2&#8243; _module_preset=&#8221;default&#8221; text_line_height=&#8221;32px&#8221; custom_margin=&#8221;||10px||false|false&#8221; custom_padding=&#8221;||0px|||&#8221; global_colors_info=&#8221;{}&#8221;]<\/p>\n<p><a href=\"mailto:Katleen.Tobback@markato-law.be\">Katleen.Tobback@markato-law.be<\/a><\/p>\n<p>[\/et_pb_text][et_pb_text _builder_version=&#8221;4.14.2&#8243; _module_preset=&#8221;default&#8221; text_line_height=&#8221;32px&#8221; custom_margin=&#8221;||10px||false|false&#8221; custom_padding=&#8221;||0px|||&#8221; global_colors_info=&#8221;{}&#8221;]<\/p>\n<p><a href=\"tel:0497044126\">0497 04 41 26<\/a><\/p>\n<p>[\/et_pb_text][et_pb_text _builder_version=&#8221;4.14.2&#8243; _module_preset=&#8221;default&#8221; text_line_height=&#8221;32px&#8221; custom_padding=&#8221;||0px|||&#8221; global_colors_info=&#8221;{}&#8221;]<\/p>\n<p><a href=\"https:\/\/www.linkedin.com\/in\/katleen-tobback-b24a5034\/\" target=\"_blank\" rel=\"noopener\">Linkedin<\/a><\/p>\n<p>[\/et_pb_text][\/et_pb_column][et_pb_column type=&#8221;1_5&#8243; _builder_version=&#8221;4.14.2&#8243; _module_preset=&#8221;default&#8221; global_colors_info=&#8221;{}&#8221;][\/et_pb_column][\/et_pb_row][\/et_pb_section][et_pb_section fb_built=&#8221;1&#8243; _builder_version=&#8221;4.14.2&#8243; _module_preset=&#8221;default&#8221; saved_tabs=&#8221;all&#8221; global_colors_info=&#8221;{}&#8221;][et_pb_row column_structure=&#8221;1_5,3_5,1_5&#8243; _builder_version=&#8221;4.14.2&#8243; _module_preset=&#8221;default&#8221; global_colors_info=&#8221;{}&#8221;][et_pb_column type=&#8221;1_5&#8243; _builder_version=&#8221;4.14.2&#8243; _module_preset=&#8221;default&#8221; global_colors_info=&#8221;{}&#8221;][\/et_pb_column][et_pb_column type=&#8221;3_5&#8243; _builder_version=&#8221;4.14.2&#8243; _module_preset=&#8221;default&#8221; global_colors_info=&#8221;{}&#8221;][et_pb_text _builder_version=&#8221;4.14.2&#8243; _module_preset=&#8221;default&#8221; text_font_size=&#8221;22px&#8221; header_3_line_height=&#8221;30px&#8221; width_tablet=&#8221;15%&#8221; width_phone=&#8221;23%&#8221; width_last_edited=&#8221;off|desktop&#8221; custom_margin=&#8221;||20px||false|false&#8221; custom_padding=&#8221;||||false|false&#8221; border_color_bottom=&#8221;RGBA(255,255,255,0)&#8221; global_colors_info=&#8221;{}&#8221;]<\/p>\n<h3>Dit is mijn professionele ervaring:<\/h3>\n<p>[\/et_pb_text][et_pb_text _builder_version=&#8221;4.14.2&#8243; _module_preset=&#8221;default&#8221; text_line_height=&#8221;32px&#8221; custom_padding=&#8221;||0px|||&#8221; border_color_bottom=&#8221;#004876&#8243; global_colors_info=&#8221;{}&#8221;]<\/p>\n<ul>\n<li>Curia, vennoot (2012-2021)<\/li>\n<li>KU Leuven, praktijk-assistent gerechtelijk recht (2006-2007; 2012-2013)<\/li>\n<li>Linklaters, medewerker (\u201cassociate\u201d en \u201cmanaging associate\u201d) (2004-2012)<\/li>\n<li>Baker&amp;McKenzie, advocaat-stagiair (2001-2003)<\/li>\n<\/ul>\n<p>[\/et_pb_text][\/et_pb_column][et_pb_column type=&#8221;1_5&#8243; _builder_version=&#8221;4.14.2&#8243; _module_preset=&#8221;default&#8221; global_colors_info=&#8221;{}&#8221;][\/et_pb_column][\/et_pb_row][\/et_pb_section][et_pb_section fb_built=&#8221;1&#8243; _builder_version=&#8221;4.14.2&#8243; _module_preset=&#8221;default&#8221; saved_tabs=&#8221;all&#8221; global_colors_info=&#8221;{}&#8221;][et_pb_row column_structure=&#8221;1_5,3_5,1_5&#8243; _builder_version=&#8221;4.14.2&#8243; _module_preset=&#8221;default&#8221; global_colors_info=&#8221;{}&#8221;][et_pb_column type=&#8221;1_5&#8243; _builder_version=&#8221;4.14.2&#8243; _module_preset=&#8221;default&#8221; global_colors_info=&#8221;{}&#8221;][\/et_pb_column][et_pb_column type=&#8221;3_5&#8243; _builder_version=&#8221;4.14.2&#8243; _module_preset=&#8221;default&#8221; global_colors_info=&#8221;{}&#8221;][et_pb_text _builder_version=&#8221;4.14.2&#8243; _module_preset=&#8221;default&#8221; text_font_size=&#8221;22px&#8221; header_3_line_height=&#8221;30px&#8221; width_tablet=&#8221;15%&#8221; width_phone=&#8221;23%&#8221; width_last_edited=&#8221;off|desktop&#8221; custom_margin=&#8221;||20px||false|false&#8221; custom_padding=&#8221;||||false|false&#8221; border_color_bottom=&#8221;RGBA(255,255,255,0)&#8221; global_colors_info=&#8221;{}&#8221;]<\/p>\n<h3>Ik genoot volgende opleidingen:<\/h3>\n<p>[\/et_pb_text][et_pb_text _builder_version=&#8221;4.14.2&#8243; _module_preset=&#8221;default&#8221; text_line_height=&#8221;32px&#8221; custom_padding=&#8221;||0px|||&#8221; border_color_bottom=&#8221;#004876&#8243; global_colors_info=&#8221;{}&#8221;]<\/p>\n<ul>\n<li>Universit\u00e9 Libre de Bruxelles, Dipl\u00f4me d\u2019\u00e9tudes sp\u00e9cialis\u00e9es en droit \u00e9conomique (1999-2001), <em>magna cum laude<\/em><\/li>\n<li>KU Brussel, Voortgezette academische opleiding vennootschapsrecht (1999-2000), <em>cum laude<\/em><\/li>\n<li><span>KU Leuven, Licentiaat in de rechten (1994-1999), <em>cum laude<\/em><\/span><em><\/em><\/li>\n<\/ul>\n<p>[\/et_pb_text][\/et_pb_column][et_pb_column type=&#8221;1_5&#8243; _builder_version=&#8221;4.14.2&#8243; _module_preset=&#8221;default&#8221; global_colors_info=&#8221;{}&#8221;][\/et_pb_column][\/et_pb_row][\/et_pb_section][et_pb_section fb_built=&#8221;1&#8243; _builder_version=&#8221;4.14.2&#8243; _module_preset=&#8221;default&#8221; saved_tabs=&#8221;all&#8221; global_colors_info=&#8221;{}&#8221;][et_pb_row column_structure=&#8221;1_5,3_5,1_5&#8243; _builder_version=&#8221;4.14.2&#8243; _module_preset=&#8221;default&#8221; global_colors_info=&#8221;{}&#8221;][et_pb_column type=&#8221;1_5&#8243; _builder_version=&#8221;4.14.2&#8243; _module_preset=&#8221;default&#8221; global_colors_info=&#8221;{}&#8221;][\/et_pb_column][et_pb_column type=&#8221;3_5&#8243; _builder_version=&#8221;4.14.2&#8243; _module_preset=&#8221;default&#8221; global_colors_info=&#8221;{}&#8221;][et_pb_text _builder_version=&#8221;4.14.2&#8243; _module_preset=&#8221;default&#8221; text_font_size=&#8221;22px&#8221; header_3_line_height=&#8221;30px&#8221; width_tablet=&#8221;15%&#8221; width_phone=&#8221;23%&#8221; width_last_edited=&#8221;off|desktop&#8221; custom_margin=&#8221;||20px||false|false&#8221; custom_padding=&#8221;||||false|false&#8221; border_color_bottom=&#8221;RGBA(255,255,255,0)&#8221; global_colors_info=&#8221;{}&#8221;]<\/p>\n<h3>Deze talen zijn mijn werktalen:<\/h3>\n<p>[\/et_pb_text][et_pb_text _builder_version=&#8221;4.14.2&#8243; _module_preset=&#8221;default&#8221; text_line_height=&#8221;32px&#8221; custom_padding=&#8221;||0px|||&#8221; border_color_bottom=&#8221;#004876&#8243; global_colors_info=&#8221;{}&#8221;]<\/p>\n<ul>\n<li>Nederlands<\/li>\n<li>Frans<\/li>\n<li>Engels<\/li>\n<\/ul>\n<p>Ik pleit voor de Nederlandstalige en Franstalige rechtbanken.<span>  <\/span><\/p>\n<p>[\/et_pb_text][\/et_pb_column][et_pb_column type=&#8221;1_5&#8243; _builder_version=&#8221;4.14.2&#8243; _module_preset=&#8221;default&#8221; global_colors_info=&#8221;{}&#8221;][\/et_pb_column][\/et_pb_row][\/et_pb_section][et_pb_section fb_built=&#8221;1&#8243; _builder_version=&#8221;4.14.2&#8243; _module_preset=&#8221;default&#8221; saved_tabs=&#8221;all&#8221; global_colors_info=&#8221;{}&#8221;][et_pb_row column_structure=&#8221;1_5,3_5,1_5&#8243; _builder_version=&#8221;4.14.2&#8243; _module_preset=&#8221;default&#8221; global_colors_info=&#8221;{}&#8221;][et_pb_column type=&#8221;1_5&#8243; _builder_version=&#8221;4.14.2&#8243; _module_preset=&#8221;default&#8221; global_colors_info=&#8221;{}&#8221;][\/et_pb_column][et_pb_column type=&#8221;3_5&#8243; _builder_version=&#8221;4.14.2&#8243; _module_preset=&#8221;default&#8221; global_colors_info=&#8221;{}&#8221;][et_pb_text _builder_version=&#8221;4.14.2&#8243; _module_preset=&#8221;default&#8221; text_font_size=&#8221;22px&#8221; header_3_line_height=&#8221;30px&#8221; width_tablet=&#8221;15%&#8221; width_phone=&#8221;23%&#8221; width_last_edited=&#8221;off|desktop&#8221; custom_margin=&#8221;||20px||false|false&#8221; custom_padding=&#8221;||||false|false&#8221; border_color_bottom=&#8221;RGBA(255,255,255,0)&#8221; global_colors_info=&#8221;{}&#8221;]<\/p>\n<h3>Ik ben auteur van een aantal publicaties en occasioneel spreker op seminaries:<\/h3>\n<p>[\/et_pb_text][et_pb_text _builder_version=&#8221;4.14.2&#8243; _module_preset=&#8221;default&#8221; text_line_height=&#8221;32px&#8221; custom_padding=&#8221;||0px|||&#8221; border_color_bottom=&#8221;#004876&#8243; global_colors_info=&#8221;{}&#8221;]<\/p>\n<ul>\n<li>TOBBACK, K., BRONDEL, J., Betalingen van overheidsopdrachten van werken onder de nieuwe overheidsopdrachtenreglementering, T.Aann. 2014, afl. 2, 110-153;<\/li>\n<li>TOBBACK K., en VAN CAEYZEELE J., Dading door de overheid: bekwaamheid en bevoegdheid. Juridische grondslag en praktijkvoorbeelden, noot onder Gent 15 januari 2010, T. Aann., 2011, afl. 4, 399-414;<\/li>\n<li>TOBBACK, K. en GOETHALS, C., Aanvang van de verjaringstermijn van de vordering op grond van de tienjarige aansprakelijkheid bij een overheidsopdracht voor aanneming van werken, T. Aann. 2010, afl. 4, 417-425;<\/li>\n<li>TOBBACK, K., Is borgtocht \u201cop eerste verzoek\u201d een borgtocht of een garantie? De grens van het accessoir karakter van de borgtocht, RABG 2007, afl. 1, 31-41;<\/li>\n<li>Inhouse opleiding bij cli\u00ebnten over topics van bouwrecht;<\/li>\n<li>Belgische Vereniging voor Bouwrecht, Voorschotten en betalingen in het kader van overheidsopdrachten in tijden van Covid, maart 2021;<\/li>\n<li>Brussels European Association Forum, Covid, contracts and event cancellations, maart 2021;<\/li>\n<li>Belgische Vereniging voor Bouwrecht, Verboden bedingen bij overheidsopdrachten, 2014;<\/li>\n<li>Confocus, Contractuele bedingen, 2012;<\/li>\n<li>Nationale Confederatie Bouw, Borgstellingsverplichting voor aannemers van werken, 2009.<\/li>\n<\/ul>\n<ul><\/ul>\n<p>[\/et_pb_text][\/et_pb_column][et_pb_column type=&#8221;1_5&#8243; _builder_version=&#8221;4.14.2&#8243; _module_preset=&#8221;default&#8221; global_colors_info=&#8221;{}&#8221;][\/et_pb_column][\/et_pb_row][\/et_pb_section][et_pb_section fb_built=&#8221;1&#8243; _builder_version=&#8221;4.14.2&#8243; _module_preset=&#8221;default&#8221; saved_tabs=&#8221;all&#8221; global_colors_info=&#8221;{}&#8221;][et_pb_row column_structure=&#8221;1_5,3_5,1_5&#8243; _builder_version=&#8221;4.14.2&#8243; _module_preset=&#8221;default&#8221; global_colors_info=&#8221;{}&#8221;][et_pb_column type=&#8221;1_5&#8243; _builder_version=&#8221;4.14.2&#8243; _module_preset=&#8221;default&#8221; global_colors_info=&#8221;{}&#8221;][\/et_pb_column][et_pb_column type=&#8221;3_5&#8243; _builder_version=&#8221;4.14.2&#8243; _module_preset=&#8221;default&#8221; global_colors_info=&#8221;{}&#8221;][et_pb_text admin_label=&#8221;Tekst&#8221; _builder_version=&#8221;4.14.2&#8243; _module_preset=&#8221;default&#8221; text_font=&#8221;||on||||||&#8221; text_text_color=&#8221;#004876&#8243; text_font_size=&#8221;20px&#8221; header_3_line_height=&#8221;30px&#8221; width_tablet=&#8221;15%&#8221; width_phone=&#8221;23%&#8221; width_last_edited=&#8221;off|desktop&#8221; custom_margin=&#8221;||20px||false|false&#8221; custom_padding=&#8221;||||false|false&#8221; border_color_bottom=&#8221;RGBA(255,255,255,0)&#8221; global_colors_info=&#8221;{}&#8221;]<\/p>\n<p>* Balie Leuven<br \/>Vennootschap in de vorm van een BV.<\/p>\n<p>[\/et_pb_text][\/et_pb_column][et_pb_column type=&#8221;1_5&#8243; _builder_version=&#8221;4.14.2&#8243; _module_preset=&#8221;default&#8221; global_colors_info=&#8221;{}&#8221;][\/et_pb_column][\/et_pb_row][\/et_pb_section]<\/p>\n","protected":false},"excerpt":{"rendered":"<p>Katleen TobbackContactgegevens:Katleen.Tobback@markato-law.be0497 04 41 26LinkedinDit is mijn professionele ervaring: Curia, vennoot (2012-2021) KU Leuven, praktijk-assistent gerechtelijk recht (2006-2007; 2012-2013) Linklaters, medewerker (\u201cassociate\u201d en \u201cmanaging associate\u201d) (2004-2012) Baker&amp;McKenzie, advocaat-stagiair (2001-2003) Ik genoot volgende opleidingen: Universit\u00e9 Libre de Bruxelles, Dipl\u00f4me d\u2019\u00e9tudes sp\u00e9cialis\u00e9es en droit \u00e9conomique (1999-2001), magna cum laude KU Brussel, Voortgezette academische opleiding vennootschapsrecht (1999-2000), cum [&hellip;]<\/p>\n","protected":false},"author":1,"featured_media":0,"parent":479,"menu_order":23,"comment_status":"closed","ping_status":"closed","template":"","meta":{"_seopress_robots_primary_cat":"","_seopress_titles_title":"","_seopress_titles_desc":"","_seopress_robots_index":"","_et_pb_use_builder":"on","_et_pb_old_content":"tl","_et_gb_content_width":"","footnotes":""},"class_list":["post-504","page","type-page","status-publish","hentry"],"_links":{"self":[{"href":"https:\/\/markato-law.be\/fr\/wp-json\/wp\/v2\/pages\/504","targetHints":{"allow":["GET"]}}],"collection":[{"href":"https:\/\/markato-law.be\/fr\/wp-json\/wp\/v2\/pages"}],"about":[{"href":"https:\/\/markato-law.be\/fr\/wp-json\/wp\/v2\/types\/page"}],"author":[{"embeddable":true,"href":"https:\/\/markato-law.be\/fr\/wp-json\/wp\/v2\/users\/1"}],"replies":[{"embeddable":true,"href":"https:\/\/markato-law.be\/fr\/wp-json\/wp\/v2\/comments?post=504"}],"version-history":[{"count":32,"href":"https:\/\/markato-law.be\/fr\/wp-json\/wp\/v2\/pages\/504\/revisions"}],"predecessor-version":[{"id":2184,"href":"https:\/\/markato-law.be\/fr\/wp-json\/wp\/v2\/pages\/504\/revisions\/2184"}],"up":[{"embeddable":true,"href":"https:\/\/markato-law.be\/fr\/wp-json\/wp\/v2\/pages\/479"}],"wp:attachment":[{"href":"https:\/\/markato-law.be\/fr\/wp-json\/wp\/v2\/media?parent=504"}],"curies":[{"name":"wp","href":"https:\/\/api.w.org\/{rel}","templated":true}]}}