{"id":575,"date":"2021-12-13T20:15:42","date_gmt":"2021-12-13T20:15:42","guid":{"rendered":"https:\/\/markato-law.be\/?page_id=575"},"modified":"2022-02-01T11:46:59","modified_gmt":"2022-02-01T10:46:59","slug":"algemene-voorwaarden","status":"publish","type":"page","link":"https:\/\/markato-law.be\/en\/algemene-voorwaarden\/","title":{"rendered":"general terms and conditions"},"content":{"rendered":"<p>[et_pb_section fb_built=&#8221;1&#8243; module_class=&#8221;rosetriangle&#8221; _builder_version=&#8221;4.14.2&#8243; _module_preset=&#8221;default&#8221; custom_margin=&#8221;||5px||false|false&#8221; global_colors_info=&#8221;{}&#8221;][et_pb_row column_structure=&#8221;1_5,3_5,1_5&#8243; _builder_version=&#8221;4.14.2&#8243; _module_preset=&#8221;default&#8221; global_colors_info=&#8221;{}&#8221;][et_pb_column type=&#8221;1_5&#8243; _builder_version=&#8221;4.14.2&#8243; _module_preset=&#8221;default&#8221; global_colors_info=&#8221;{}&#8221;][\/et_pb_column][et_pb_column type=&#8221;3_5&#8243; _builder_version=&#8221;4.14.2&#8243; _module_preset=&#8221;default&#8221; global_colors_info=&#8221;{}&#8221;][et_pb_text _builder_version=&#8221;4.14.2&#8243; _module_preset=&#8221;default&#8221; text_text_color=&#8221;#004876&#8243; text_font_size=&#8221;36px&#8221; header_line_height=&#8221;1.7em&#8221; header_2_line_height=&#8221;1.7em&#8221; text_orientation=&#8221;center&#8221; width_tablet=&#8221;22%&#8221; width_phone=&#8221;35%&#8221; width_last_edited=&#8221;off|desktop&#8221; custom_margin=&#8221;||20px||false|false&#8221; border_color_bottom=&#8221;RGBA(255,255,255,0)&#8221; global_colors_info=&#8221;{}&#8221;]<\/p>\n<h1 style=\"text-align: left;\">Algemene voorwaarden<\/h1>\n<p>[\/et_pb_text][\/et_pb_column][et_pb_column type=&#8221;1_5&#8243; _builder_version=&#8221;4.14.2&#8243; _module_preset=&#8221;default&#8221; global_colors_info=&#8221;{}&#8221;][\/et_pb_column][\/et_pb_row][\/et_pb_section][et_pb_section fb_built=&#8221;1&#8243; _builder_version=&#8221;4.14.2&#8243; _module_preset=&#8221;default&#8221; saved_tabs=&#8221;all&#8221; global_colors_info=&#8221;{}&#8221;][et_pb_row column_structure=&#8221;1_2,1_2&#8243; _builder_version=&#8221;4.14.2&#8243; _module_preset=&#8221;default&#8221; custom_css_main_element=&#8221;display: flex;||align-items: flex-start;&#8221; global_colors_info=&#8221;{}&#8221; custom_css_main_element_last_edited=&#8221;on|desktop&#8221; custom_css_main_element_tablet=&#8221;display: flex;||flex-wrap: wrap;&#8221; custom_css_main_element_phone=&#8221;display: flex;||flex-wrap: wrap;&#8221;][et_pb_column type=&#8221;1_2&#8243; _builder_version=&#8221;4.14.2&#8243; _module_preset=&#8221;default&#8221; global_colors_info=&#8221;{}&#8221;][et_pb_text _builder_version=&#8221;4.14.2&#8243; _module_preset=&#8221;default&#8221; text_line_height=&#8221;32px&#8221; custom_padding=&#8221;0px|||||&#8221; global_colors_info=&#8221;{}&#8221;]<\/p>\n<h4>1. Toepassingsgebied<\/h4>\n<p>Deze algemene voorwaarden gelden in de contractuele verhouding tussen de cli\u00ebnt en Markato-Law (KBO 0778.916.136) voor de diensten geleverd door Markato-Law, haar vennoten en medewerkers en door alle personen die samenwerken met Markato-Law of waarvoor Markato-Law aansprakelijk is.<\/p>\n<p>Deze algemene voorwaarden worden geacht aanvaard te zijn door de cli\u00ebnt vanaf het moment waarop de cli\u00ebnt Markato-Law belast met een opdracht.<\/p>\n<p>Deze algemene voorwaarden zijn gebaseerd op het modelcontract van de Vlaamse Orde van advocaten.<span> <\/span>De cli\u00ebnt kan, indien hij dat wenst, steeds vragen dat een contract wordt ondertekend conform dat modelcontract. Indien de cli\u00ebnt dit niet vraagt, gelden uitsluitend deze algemene voorwaarden.<\/p>\n<h4><\/h4>\n<h4>2. Informatie<\/h4>\n<p>Markato-Law informeert de cli\u00ebnt stipt over de uitvoering van haar opdracht en over het verloop van de behandeling van de zaak. De cli\u00ebnt geeft stipt en gedurende de gehele duur van de opdracht, desgevallend op verzoek van Markato-Law, alle nuttige informatie aan Markato-Law.<\/p>\n<p>Indien de cli\u00ebnt voor de behartiging van de zaak de noodzakelijke medewerking niet, niet tijdig of niet conform de afspraken verleent, staat het Markato-Law vrij om voor de cli\u00ebnt geen werkzaamheden meer te verrichten en zich geheel van de zaak te onttrekken. Markato-Law is niet aansprakelijk voor enige schade die uit deze onttrekking zou kunnen voortvloeien.<\/p>\n<p><strong><\/strong><\/p>\n<h4>3. Beroep op derden<\/h4>\n<p><strong>3.1<span> <\/span><\/strong>Buiten de gebruikelijke taken die in het advocatenkantoor worden vervuld, gaat de cli\u00ebnt akkoord dat Markato-Law, onder de verantwoordelijkheid van deze laatste, voor specifieke opdrachten een beroep kan doen op andere advocaten voor de uitvoering van haar opdracht.<\/p>\n<p><strong>3.2.<\/strong> Indien het voor de uitvoering van de opdracht noodzakelijk is dat een beroep wordt gedaan op een gerechtsdeurwaarder of een vertaler, laat de cli\u00ebnt de keuze daarvan aan Markato-Law.<\/p>\n<p><strong>3.3<\/strong>. Markato-Law doet slechts met uitdrukkelijke instemming van de cli\u00ebnt een beroep op andere derden, zoals notarissen, deskundigen of accountants, gekozen in overleg met de cli\u00ebnt.<\/p>\n<p><strong><\/strong><\/p>\n<h4>4. Witwaspreventie en terrorismebestrijding<\/h4>\n<p>Wanneer Markato-Law de cli\u00ebnt bijstaat bij het voorbereiden of uitvoeren van verrichtingen die verband houden met de aan- of verkoop van onroerend goed of bedrijven, het beheren van diens geld, effecten of andere activa, de opening of het beheer van bank-, spaar- of effectenrekeningen, het organiseren van inbreng die nodig is voor de oprichting, de uitbating of het beheer van vennootschappen, de oprichting, uitbating of het beheer van vennootschappen, trusts, fiducie\u00ebn of soortgelijke juridische constructies, of wanneer hij optreedt in naam en voor rekening van zijn cli\u00ebnt in enigerlei financi\u00eble verrichtingen of verrichtingen in onroerend goed, is Markato-Law verplicht de wetgeving en baliereglementering inzake antiwitwas- en antiterrorismefinanciering strikt na te leven. Overeenkomstig de terzake geldende regels, is Markato-Law voornamelijk gehouden tot een identificatie- en waakzaamheidsplicht ten aanzien van zijn cli\u00ebnt. Deze procedure vergt de medewerking van de cli\u00ebnt en verplicht cli\u00ebnten die werken onder vennootschapsvorm overeenkomstig de wet van 18 september 2017 om aan Markato-Law mee te delen wie de uiteindelijke begunstigde achter deze vennootschap of opeenvolging van vennootschappen is, alsook om Markato-Law in te lichten telkens wanneer deze situatie wijzigt. Indien de cli\u00ebnt binnen de 2 weken nadat deze werd opgevraagd weigert de informatie te verstrekken die Markato-Law verplicht moet opvragen, heeft Markato-Law in toepassing van artikel 2.10 van het Reglement van de OVB dd. 21 december 2011 het recht om een einde te stellen aan zijn tussenkomst. Daarnaast verplicht de antiwitwaswetgeving Markato-Law in bepaalde omstandigheden om mogelijke witwasoperaties en financiering van terrorisme waarin de cli\u00ebnt zou betrokken zijn, te melden aan de Stafhouder van zijn\/haar balie.<\/p>\n<h4>5. Aansprakelijkheid<\/h4>\n<p><strong>5.1 <\/strong>Markato-Law, haar vennoten en medewerkers en alle personen die samenwerken met Markato-Law of waarvoor Markato-Law aansprakelijk is, is\/zijn verzekerd voor haar\/hun beroepsaansprakelijkheid door de beroepsaansprakelijkheidsverzekering afgesloten bij MS Amlin door de Orde van Vlaamse Balies voor een verzekerd bedrag van 2,5 miljoen euro per schadegeval in eerste rang. Deze verzekering is door Markato-Law aangevuld met een verzekering in tweede rang via een collectieve verzekeringspolis afgesloten bij AG Insurance door de Orde van Vlaamse Balies voor een verzekerd bedrag van 5 miljoen euro per schadegeval bovenop het dekkingsbedrag in eerste rang.<\/p>\n<p><strong><span><\/span><\/strong><strong><span><\/span><\/strong><strong>5.2 <\/strong><span style=\"font-size: 13.5pt; font-family: Roboto; color: black;\">De aansprakelijkheid van Markato-Law is beperkt tot het verzekerde bedrag van de door haar onderschreven professionele aansprakelijkheidsverzekeringen en tot het bedrag dat in het toepasselijk geval uit hoofde van de aansprakelijkheidsverzekeringen die Markato-Law heeft gesloten, door de verzekeraar(s) wordt gedekt en effectief wordt uitbetaald naar aanleiding van een schadegeval. \u00a0Het totaal verzekerde bedrag bedraagt momenteel 7,5 miljoen euro.<\/span><span style=\"font-size: 13.5pt; font-family: Roboto;\"><o:p><\/o:p><\/span><\/p>\n<p>Op uitdrukkelijk verzoek van de cli\u00ebnt kan voor een specifiek dossier een verzekering voor een hoger bedrag worden afgesloten, mits de cli\u00ebnt de bijkomende premie betaalt.<\/p>\n<p>Behoudens uitdrukkelijk andersluidend beding is Markato-Law niet aansprakelijk voor de prestaties geleverd door derden, waarop zij een beroep doet.<\/p>\n<h4>6. Erelonen<\/h4>\n<p><strong>6.1<\/strong> <span> <\/span>Het ereloon is de vergoeding voor de door Markato-Law geleverde prestaties.<span> <\/span><\/p>\n<p>In beginsel werkt Markato-Law aan een uurtarief waarover de cli\u00ebnt wordt ge\u00efnformeerd alvorens hij een opdracht aan Markato-Law geeft.<span> <\/span>De cli\u00ebnt wordt verzocht schriftelijk zijn akkoord te bevestigen met het toegepaste uurtarief en de algemene voorwaarden.<span> <\/span><\/p>\n<p>De uurtarieven zijn inclusief algemene kantoorkosten.<span> <\/span><\/p>\n<p>De uurtarieven zijn exclusief specifieke dossiergebonden kosten en verplaatsingskosten die aan 50 ct per kilometer worden aangerekend.<span> <\/span>Kosten van derden (gerechtsdeurwaarders, vervangers, vertalers, tussenkomsten van deskundigen, accountants, gerechtskosten zoals griffierechten, rolrechten, enzovoort) zijn niet inbegrepen in de uurtarieven.<span> <\/span>Zij worden normaal gezien niet voorgeschoten door Markato-Law en ze dienen rechtstreeks betaald te worden door de cli\u00ebnt.<span> <\/span>Schiet Markato-Law deze kosten uitzonderlijk voor, dan worden deze op de eerstvolgende factuur van Markato-Law doorgerekend aan de cli\u00ebnt.<\/p>\n<p>De tarieven van Markato-Law zijn exclusief btw.<span> <\/span>Er wordt op gewezen dat de erelonen van advocaten sinds 1 januari 2014 onderhevig zijn aan een btw-tarief van 21%.<span> <\/span><\/p>\n<p>Markato-Law behoudt zich het recht voor om de tarieven in de maand januari van elk jaar te indexeren op grond van de evolutie van de index der consumptieprijzen volgens een van tijd tot tijd door Markato-Law vastgestelde formule.<\/p>\n<p><strong>6.2 <\/strong>De prestaties van Markato-Law worden periodiek gefactureerd.\u00a0Markato-Law kan evenwel voor de aanvang van de opdracht en tijdens de behandeling van de zaak \u00e9\u00e9n of meerdere voorschotten vragen.\u00a0Een voorschot is een forfaitair bedrag dat de cli\u00ebnt betaalt aan Markato-Law, voorafgaand aan de ontvangst van een gedetailleerde factuur van kosten en erelonen.\u00a0Als er werd gewerkt met voorschotfacturen, dan worden de reeds betaalde voorschotten in mindering gebracht van het bedrag aan kosten en erelonen dat in de eindfactuur wordt aangerekend.<\/p>\n<p>[\/et_pb_text][\/et_pb_column][et_pb_column type=&#8221;1_2&#8243; _builder_version=&#8221;4.14.2&#8243; _module_preset=&#8221;default&#8221; global_colors_info=&#8221;{}&#8221;][et_pb_text _builder_version=&#8221;4.14.2&#8243; _module_preset=&#8221;default&#8221; text_line_height=&#8221;32px&#8221; global_colors_info=&#8221;{}&#8221;]<\/p>\n<h4>7. Betaling van de facturen<\/h4>\n<p><strong>7.1<\/strong> <span> <\/span>De voorschotfacturen en de facturen van Markato-Law zijn betaalbaar binnen de 8 dagen na ontvangst.<span> <\/span>Markato-Law kan, indien dit voor de goede dienstverlening nodig is, gemotiveerd een kortere betalingstermijn bepalen.<span> <\/span><\/p>\n<p><strong>7.2<\/strong> <span> <\/span>Indien de cli\u00ebnt niet akkoord gaat met het bedrag van het gevraagde voorschot, of de factuur of ereloonstaat, dient hij deze op straffe van verval binnen de 8 dagen na de ontvangst schriftelijk te protesteren. Vanaf de vervaldag van de facturen is van rechtswege en zonder ingebrekestelling intrest verschuldigd, berekend aan de wettelijke interestvoet (desgevallend conform de Wet Betalingsachterstand). Bij laattijdige betaling is tevens een vergoeding voor invorderingskosten verschuldigd, gelijk aan 10% van de hoofdsom.<\/p>\n<p><strong><\/strong><\/p>\n<h4>8. Derdengelden<\/h4>\n<p><strong>8.1.<\/strong> Markato-Law stort alle bedragen die zij voor haar cli\u00ebnt ontvangt binnen de kortst mogelijke tijd door aan haar cli\u00ebnt. Indien Markato-Law een bedrag niet onmiddellijk kan doorstorten, verwittigt zij de cli\u00ebnt van de ontvangst van het bedrag en brengt zij de cli\u00ebnt op de hoogte van de reden waarom het bedrag niet wordt doorgestort. De derdenrekening van Markato-Law staat vermeld op deze website onder de rubriek \u201ccontact\u201d.<\/p>\n<p><strong>8.2.<\/strong> Markato-Law mag op de bedragen die zij ontvangt voor rekening van de cli\u00ebnt sommen inhouden tot dekking van de openstaande voorschotten of facturen van kosten en ereloon. Zij brengt de cli\u00ebnt hiervan schriftelijk op de hoogte. Deze bepaling doet geen afbreuk aan het recht van de cli\u00ebnt om de ereloonfacturen van de advocaat te betwisten en betaling van deze ingehouden bedragen te vorderen.<\/p>\n<p><strong>8.3.<\/strong> Markato-Law stort alle bedragen die zij van de cli\u00ebnt ontvangt voor rekening van derden onmiddellijk door aan deze derden.<\/p>\n<p><strong><\/strong><\/p>\n<h4>9. Be\u00ebindiging van de overeenkomst<\/h4>\n<p>Beide partijen kunnen op elk ogenblik de overeenkomst be\u00ebindigen mits op voorhand een schriftelijke kennisgeving wordt verzonden aan de andere partij. Markato-Law kan haar prestaties stopzetten mits zij de cli\u00ebnt de mogelijkheid geeft om tijdig de nodige bijstand te verkrijgen van een andere advocaat. Markato-Law maakt in dat geval haar slotfactuur over aan de cli\u00ebnt, rekening houdend met de prestaties tot aan de be\u00ebindiging van de overeenkomst, zonder dat zij het recht heeft een schadevergoeding te vragen aan de cli\u00ebnt voor de be\u00ebindiging van de overeenkomst. Op eerste verzoek bezorgt Markato-Law de originele stukken van het dossier terug aan de cli\u00ebnt.<\/p>\n<p><strong><\/strong><\/p>\n<h4>10. Toepasselijk recht en bevoegde rechtbank<\/h4>\n<p><strong>10.1<\/strong> Het Belgisch recht is van toepassing.<\/p>\n<p><strong>10.2<\/strong> Partijen zullen ernaar streven hun eventuele geschillen in der minne te regelen. Alvorens een gerechtelijke procedure aan te vatten, laten zij de zaak bij voorkeur oproepen tot minnelijke schikking voor de rechtbank of voor een daartoe bevoegde instantie bij de Orde van Advocaten.<\/p>\n<p><strong>10.3<\/strong> Markato-Law is onderworpen aan de regeling inzake buitengerechtelijke regeling van geschillen voorzien in Boek XVI van het Wetboek van Economisch Recht (hierna \u201cWER\u201d).<\/p>\n<p>Als de cli\u00ebnt een klacht of een grief heeft over een reeds afgesloten overeenkomst met Markato-Law, dan kan hij, overeenkomstig titel 2, boek XVI WER een klacht indienen bij ons kantoor, die telefonisch bereikbaar is op 0032 16 79 30 75 of via e-mail advocaten@markato-law.be.<\/p>\n<p>Indien deze klacht niet tot een oplossing leidt, kan de cli\u00ebnt overeenkomstig titel 4 boek XVI WER een aanvraag of een klacht indienen bij de Ombudsdienst Consumentengeschillen Advocatuur (hierna \u201cOCA\u201d), de gekwalificeerde entiteit bevoegd voor de buitengerechtelijke regeling van geschillen tussen consumenten en advocaten.<\/p>\n<p>De OCA is opgenomen op de lijst van gekwalificeerde entiteiten die kan worden geraadpleegd op de website van de F.O.D. Economie, K.M.O. en middenstand<\/p>\n<p>De OCA is bevoegd voor klachten die betrekking hebben op de dienstverlening van de advocaat. Klachten worden bij voorkeur online ingediend aan de hand van het elektronisch klachtenformulier beschikbaar op <a href=\"http:\/\/oca.ligeca.be\/nl\/\">http:\/\/oca.ligeca.be\/nl\/<\/a>. Via deze link kunnen aanvullende gegevens van de OCA worden geraadpleegd.<\/p>\n<p>De OCA is gevestigd in de Staatsbladsstraat 8 te 1000 Brussel.<\/p>\n<p><strong>10.4<\/strong> De advocaat is ook onderworpen aan buitengerechtelijke geschillenbeslechting, voorzien in het reglement van de orde van advocaten van Leuven van 21 november 2016.<\/p>\n<p><strong>10.5<\/strong> Enkel de rechtbanken van Leuven zijn bevoegd, onverminderd het recht voor Markato-Law om gerechtelijke stappen te ondernemen voor de rechtbanken van het rechtsgebied van de cli\u00ebnt.<\/p>\n<p>[\/et_pb_text][\/et_pb_column][\/et_pb_row][\/et_pb_section]<\/p>\n","protected":false},"excerpt":{"rendered":"<p>Algemene voorwaarden1. Toepassingsgebied Deze algemene voorwaarden gelden in de contractuele verhouding tussen de cli\u00ebnt en Markato-Law (KBO 0778.916.136) voor de diensten geleverd door Markato-Law, haar vennoten en medewerkers en door alle personen die samenwerken met Markato-Law of waarvoor Markato-Law aansprakelijk is. Deze algemene voorwaarden worden geacht aanvaard te zijn door de cli\u00ebnt vanaf het moment [&hellip;]<\/p>\n","protected":false},"author":1,"featured_media":0,"parent":0,"menu_order":7,"comment_status":"closed","ping_status":"closed","template":"","meta":{"_seopress_robots_primary_cat":"","_seopress_titles_title":"","_seopress_titles_desc":"","_seopress_robots_index":"","_seopress_analysis_target_kw":"","_et_pb_use_builder":"on","_et_pb_old_content":"","_et_gb_content_width":"","footnotes":""},"class_list":["post-575","page","type-page","status-publish","hentry"],"_links":{"self":[{"href":"https:\/\/markato-law.be\/en\/wp-json\/wp\/v2\/pages\/575","targetHints":{"allow":["GET"]}}],"collection":[{"href":"https:\/\/markato-law.be\/en\/wp-json\/wp\/v2\/pages"}],"about":[{"href":"https:\/\/markato-law.be\/en\/wp-json\/wp\/v2\/types\/page"}],"author":[{"embeddable":true,"href":"https:\/\/markato-law.be\/en\/wp-json\/wp\/v2\/users\/1"}],"replies":[{"embeddable":true,"href":"https:\/\/markato-law.be\/en\/wp-json\/wp\/v2\/comments?post=575"}],"version-history":[{"count":13,"href":"https:\/\/markato-law.be\/en\/wp-json\/wp\/v2\/pages\/575\/revisions"}],"predecessor-version":[{"id":2180,"href":"https:\/\/markato-law.be\/en\/wp-json\/wp\/v2\/pages\/575\/revisions\/2180"}],"wp:attachment":[{"href":"https:\/\/markato-law.be\/en\/wp-json\/wp\/v2\/media?parent=575"}],"curies":[{"name":"wp","href":"https:\/\/api.w.org\/{rel}","templated":true}]}}